{"id":322,"date":"2021-06-22T10:01:36","date_gmt":"2021-06-22T08:01:36","guid":{"rendered":"https:\/\/watmove.be\/demander-une-offre\/"},"modified":"2026-03-16T07:24:55","modified_gmt":"2026-03-16T06:24:55","slug":"demander-une-offre","status":"publish","type":"page","link":"https:\/\/watmove.be\/fr\/demander-une-offre\/","title":{"rendered":"Demander une offre"},"content":{"rendered":"\t\t<div data-elementor-type=\"wp-page\" data-elementor-id=\"322\" class=\"elementor elementor-322 elementor-19\" data-elementor-post-type=\"page\">\n\t\t\t\t\t\t<section class=\"elementor-section elementor-top-section elementor-element elementor-element-16f9d1c7 elementor-section-full_width elementor-section-height-default elementor-section-height-default\" data-id=\"16f9d1c7\" data-element_type=\"section\" data-e-type=\"section\">\n\t\t\t\t\t\t<div class=\"elementor-container elementor-column-gap-no\">\n\t\t\t\t\t<div class=\"elementor-column elementor-col-100 elementor-top-column elementor-element elementor-element-43fee68d\" data-id=\"43fee68d\" data-element_type=\"column\" data-e-type=\"column\">\n\t\t\t<div class=\"elementor-widget-wrap elementor-element-populated\">\n\t\t\t\t\t\t<div class=\"elementor-element elementor-element-5683897b elementor--v-position-bottom elementor--h-position-center elementor-widget elementor-widget-slides\" data-id=\"5683897b\" data-element_type=\"widget\" data-e-type=\"widget\" data-settings=\"{&quot;navigation&quot;:&quot;none&quot;,&quot;autoplay&quot;:&quot;yes&quot;,&quot;pause_on_hover&quot;:&quot;yes&quot;,&quot;pause_on_interaction&quot;:&quot;yes&quot;,&quot;autoplay_speed&quot;:5000,&quot;infinite&quot;:&quot;yes&quot;,&quot;transition&quot;:&quot;slide&quot;,&quot;transition_speed&quot;:500}\" data-widget_type=\"slides.default\">\n\t\t\t\t<div class=\"elementor-widget-container\">\n\t\t\t\t\t\t\t\t\t<div class=\"elementor-swiper\">\n\t\t\t\t\t<div class=\"elementor-slides-wrapper elementor-main-swiper swiper\" role=\"region\" aria-roledescription=\"carousel\" aria-label=\"Slides\" dir=\"ltr\" data-animation=\"fadeInLeft\">\n\t\t\t\t<div class=\"swiper-wrapper elementor-slides\">\n\t\t\t\t\t\t\t\t\t\t<div class=\"elementor-repeater-item-e86d17d swiper-slide\" role=\"group\" aria-roledescription=\"slide\"><div class=\"swiper-slide-bg\" role=\"img\" aria-label=\"verhuisdoos\"><\/div><div class=\"elementor-background-overlay\"><\/div><div class=\"swiper-slide-inner\" ><div class=\"swiper-slide-contents\"><div class=\"elementor-slide-heading\">Demander une offre<\/div><\/div><\/div><\/div>\t\t\t\t<\/div>\n\t\t\t\t\t\t\t<\/div>\n\t\t\t\t<\/div>\n\t\t\t\t\t\t\t\t<\/div>\n\t\t\t\t<\/div>\n\t\t\t\t\t<\/div>\n\t\t<\/div>\n\t\t\t\t\t<\/div>\n\t\t<\/section>\n\t\t\t\t<section class=\"elementor-section elementor-top-section elementor-element elementor-element-75d6d3c3 elementor-section-boxed elementor-section-height-default elementor-section-height-default\" data-id=\"75d6d3c3\" data-element_type=\"section\" data-e-type=\"section\">\n\t\t\t\t\t\t<div class=\"elementor-container elementor-column-gap-default\">\n\t\t\t\t\t<div class=\"elementor-column elementor-col-100 elementor-top-column elementor-element elementor-element-561dc049\" data-id=\"561dc049\" data-element_type=\"column\" data-e-type=\"column\" data-settings=\"{&quot;background_background&quot;:&quot;classic&quot;}\">\n\t\t\t<div class=\"elementor-widget-wrap elementor-element-populated\">\n\t\t\t\t\t\t<div class=\"elementor-element elementor-element-0aaf022 elementor-widget elementor-widget-heading\" data-id=\"0aaf022\" data-element_type=\"widget\" data-e-type=\"widget\" data-widget_type=\"heading.default\">\n\t\t\t\t<div class=\"elementor-widget-container\">\n\t\t\t\t\t<h2 class=\"elementor-heading-title elementor-size-default\">Offre sur mesure<\/h2>\t\t\t\t<\/div>\n\t\t\t\t<\/div>\n\t\t\t\t<div class=\"elementor-element elementor-element-a1e8346 elementor-widget elementor-widget-text-editor\" data-id=\"a1e8346\" data-element_type=\"widget\" data-e-type=\"widget\" data-widget_type=\"text-editor.default\">\n\t\t\t\t<div class=\"elementor-widget-container\">\n\t\t\t\t\t\t\t\t\t<p>Remplissez vos coordonn\u00e9es ci-dessous et recevez un devis.<\/p>\n\t\t\t\t\t\t\t\t<\/div>\n\t\t\t\t<\/div>\n\t\t\t\t<div class=\"elementor-element elementor-element-94b1ca3 elementor-button-align-stretch elementor-widget elementor-widget-form\" data-id=\"94b1ca3\" data-element_type=\"widget\" data-e-type=\"widget\" data-settings=\"{&quot;step_next_label&quot;:&quot;Next&quot;,&quot;step_previous_label&quot;:&quot;Previous&quot;,&quot;button_width&quot;:&quot;100&quot;,&quot;step_type&quot;:&quot;number_text&quot;,&quot;step_icon_shape&quot;:&quot;circle&quot;}\" data-widget_type=\"form.default\">\n\t\t\t\t<div class=\"elementor-widget-container\">\n\t\t\t\t\t\t\t<form class=\"elementor-form\" method=\"post\" name=\"offerte\" aria-label=\"offerte\" novalidate=\"\">\n\t\t\t<input type=\"hidden\" name=\"post_id\" value=\"322\"\/>\n\t\t\t<input type=\"hidden\" name=\"form_id\" value=\"94b1ca3\"\/>\n\t\t\t<input type=\"hidden\" name=\"referer_title\" value=\"WAT Move\" \/>\n\n\t\t\t\n\t\t\t<div class=\"elementor-form-fields-wrapper elementor-labels-above\">\n\t\t\t\t\t\t\t\t<div class=\"elementor-field-type-text elementor-field-group elementor-column elementor-field-group-voornaam elementor-col-50 elementor-field-required elementor-mark-required\">\n\t\t\t\t\t\t\t\t\t\t\t\t<label for=\"form-field-voornaam\" class=\"elementor-field-label\">\n\t\t\t\t\t\t\t\tPr\u00e9nom\t\t\t\t\t\t\t<\/label>\n\t\t\t\t\t\t\t\t\t\t\t\t\t\t<input size=\"1\" type=\"text\" name=\"form_fields[voornaam]\" id=\"form-field-voornaam\" class=\"elementor-field elementor-size-sm  elementor-field-textual\" required=\"required\">\n\t\t\t\t\t\t\t\t\t\t\t<\/div>\n\t\t\t\t\t\t\t\t<div class=\"elementor-field-type-text elementor-field-group elementor-column elementor-field-group-achternaam elementor-col-50 elementor-field-required elementor-mark-required\">\n\t\t\t\t\t\t\t\t\t\t\t\t<label for=\"form-field-achternaam\" class=\"elementor-field-label\">\n\t\t\t\t\t\t\t\tNom de famille\t\t\t\t\t\t\t<\/label>\n\t\t\t\t\t\t\t\t\t\t\t\t\t\t<input size=\"1\" type=\"text\" name=\"form_fields[achternaam]\" id=\"form-field-achternaam\" class=\"elementor-field elementor-size-sm  elementor-field-textual\" required=\"required\">\n\t\t\t\t\t\t\t\t\t\t\t<\/div>\n\t\t\t\t\t\t\t\t<div class=\"elementor-field-type-email elementor-field-group elementor-column elementor-field-group-email elementor-col-70 elementor-field-required elementor-mark-required\">\n\t\t\t\t\t\t\t\t\t\t\t\t<label for=\"form-field-email\" class=\"elementor-field-label\">\n\t\t\t\t\t\t\t\tEmail\t\t\t\t\t\t\t<\/label>\n\t\t\t\t\t\t\t\t\t\t\t\t\t\t<input size=\"1\" type=\"email\" name=\"form_fields[email]\" id=\"form-field-email\" class=\"elementor-field elementor-size-sm  elementor-field-textual\" required=\"required\">\n\t\t\t\t\t\t\t\t\t\t\t<\/div>\n\t\t\t\t\t\t\t\t<div class=\"elementor-field-type-text elementor-field-group elementor-column elementor-field-group-tel elementor-col-30 elementor-field-required elementor-mark-required\">\n\t\t\t\t\t\t\t\t\t\t\t\t<label for=\"form-field-tel\" class=\"elementor-field-label\">\n\t\t\t\t\t\t\t\tNum\u00e9ro de t\u00e9l\u00e9phone\t\t\t\t\t\t\t<\/label>\n\t\t\t\t\t\t\t\t\t\t\t\t\t\t<input size=\"1\" type=\"text\" name=\"form_fields[tel]\" id=\"form-field-tel\" class=\"elementor-field elementor-size-sm  elementor-field-textual\" required=\"required\">\n\t\t\t\t\t\t\t\t\t\t\t<\/div>\n\t\t\t\t\t\t\t\t<div class=\"elementor-field-type-number elementor-field-group elementor-column elementor-field-group-postcode elementor-col-30 elementor-field-required elementor-mark-required\">\n\t\t\t\t\t\t\t\t\t\t\t\t<label for=\"form-field-postcode\" class=\"elementor-field-label\">\n\t\t\t\t\t\t\t\tCode postal\t\t\t\t\t\t\t<\/label>\n\t\t\t\t\t\t\t\t\t<input type=\"number\" name=\"form_fields[postcode]\" id=\"form-field-postcode\" class=\"elementor-field elementor-size-sm  elementor-field-textual\" required=\"required\" min=\"\" max=\"\" >\n\t\t\t\t\t\t<\/div>\n\t\t\t\t\t\t\t\t<div class=\"elementor-field-type-text elementor-field-group elementor-column elementor-field-group-woonplaats elementor-col-70 elementor-field-required elementor-mark-required\">\n\t\t\t\t\t\t\t\t\t\t\t\t<label for=\"form-field-woonplaats\" class=\"elementor-field-label\">\n\t\t\t\t\t\t\t\tR\u00e9sidence\t\t\t\t\t\t\t<\/label>\n\t\t\t\t\t\t\t\t\t\t\t\t\t\t<input size=\"1\" type=\"text\" name=\"form_fields[woonplaats]\" id=\"form-field-woonplaats\" class=\"elementor-field elementor-size-sm  elementor-field-textual\" required=\"required\">\n\t\t\t\t\t\t\t\t\t\t\t<\/div>\n\t\t\t\t\t\t\t\t<div class=\"elementor-field-type-text elementor-field-group elementor-column elementor-field-group-onderwerp elementor-col-100 elementor-field-required elementor-mark-required\">\n\t\t\t\t\t\t\t\t\t\t\t\t<label for=\"form-field-onderwerp\" class=\"elementor-field-label\">\n\t\t\t\t\t\t\t\tSujet\t\t\t\t\t\t\t<\/label>\n\t\t\t\t\t\t\t\t\t\t\t\t\t\t<input size=\"1\" type=\"text\" name=\"form_fields[onderwerp]\" id=\"form-field-onderwerp\" class=\"elementor-field elementor-size-sm  elementor-field-textual\" required=\"required\">\n\t\t\t\t\t\t\t\t\t\t\t<\/div>\n\t\t\t\t\t\t\t\t<div class=\"elementor-field-type-textarea elementor-field-group elementor-column elementor-field-group-message elementor-col-100 elementor-field-required elementor-mark-required\">\n\t\t\t\t\t\t\t\t\t\t\t\t<label for=\"form-field-message\" class=\"elementor-field-label\">\n\t\t\t\t\t\t\t\tMessage\t\t\t\t\t\t\t<\/label>\n\t\t\t\t\t\t<textarea class=\"elementor-field-textual elementor-field  elementor-size-sm\" name=\"form_fields[message]\" id=\"form-field-message\" rows=\"4\" required=\"required\"><\/textarea>\t\t\t\t<\/div>\n\t\t\t\t\t\t\t\t<div class=\"elementor-field-type-text\">\n\t\t\t\t\t<input size=\"1\" type=\"text\" name=\"form_fields[field_cd5c7e8]\" id=\"form-field-field_cd5c7e8\" class=\"elementor-field elementor-size-sm \" style=\"display:none !important;\">\t\t\t\t<\/div>\n\t\t\t\t\t\t\t\t<div class=\"elementor-field-type-recaptcha_v3 elementor-field-group elementor-column elementor-field-group-field_5009b54 elementor-col-100 recaptcha_v3-bottomright\">\n\t\t\t\t\t<div class=\"elementor-field\" id=\"form-field-field_5009b54\"><div class=\"elementor-g-recaptcha\" data-sitekey=\"6LcT9YssAAAAAHkU2RAVWWFcwcFxy0oGuUOKpo6J\" data-type=\"v3\" data-action=\"Form\" data-badge=\"bottomright\" data-size=\"invisible\"><\/div><\/div>\t\t\t\t<\/div>\n\t\t\t\t\t\t\t\t<div class=\"elementor-field-group elementor-column elementor-field-type-submit elementor-col-100 e-form__buttons\">\n\t\t\t\t\t<button class=\"elementor-button elementor-size-sm\" type=\"submit\">\n\t\t\t\t\t\t<span class=\"elementor-button-content-wrapper\">\n\t\t\t\t\t\t\t\t\t\t\t\t\t\t\t\t\t\t\t\t\t\t<span class=\"elementor-button-text\">Envoyer<\/span>\n\t\t\t\t\t\t\t\t\t\t\t\t\t<\/span>\n\t\t\t\t\t<\/button>\n\t\t\t\t<\/div>\n\t\t\t<\/div>\n\t\t<\/form>\n\t\t\t\t\t\t<\/div>\n\t\t\t\t<\/div>\n\t\t\t\t\t<\/div>\n\t\t<\/div>\n\t\t\t\t\t<\/div>\n\t\t<\/section>\n\t\t\t\t<\/div>\n\t\t","protected":false},"excerpt":{"rendered":"<p>Demander une offre Offre sur mesure Remplissez vos coordonn\u00e9es ci-dessous et recevez un devis.<\/p>\n","protected":false},"author":1,"featured_media":0,"parent":0,"menu_order":0,"comment_status":"closed","ping_status":"closed","template":"elementor_header_footer","meta":{"footnotes":""},"class_list":["post-322","page","type-page","status-publish","hentry"],"yoast_head":"<!-- This site is optimized with the Yoast SEO plugin v27.1.1 - https:\/\/yoast.com\/product\/yoast-seo-wordpress\/ -->\n<title>Demander une offre - WAT Move<\/title>\n<meta name=\"description\" content=\"WAT Move est sp\u00e9cialis\u00e9e dans le montage, le d\u00e9montage et le transport de meubles dans toute la Belgique et au Luxembourg.\" \/>\n<meta name=\"robots\" content=\"index, follow, max-snippet:-1, max-image-preview:large, max-video-preview:-1\" \/>\n<link rel=\"canonical\" href=\"https:\/\/watmove.be\/vraag-uw-offerte\/\" \/>\n<meta property=\"og:locale\" content=\"fr_FR\" \/>\n<meta property=\"og:type\" content=\"article\" \/>\n<meta property=\"og:title\" content=\"Demander une offre - WAT Move\" \/>\n<meta property=\"og:description\" content=\"WAT Move est sp\u00e9cialis\u00e9e dans le montage, le d\u00e9montage et le transport de meubles dans toute la Belgique et au Luxembourg.\" \/>\n<meta property=\"og:url\" content=\"https:\/\/watmove.be\/vraag-uw-offerte\/\" \/>\n<meta property=\"og:site_name\" content=\"WAT Move\" \/>\n<meta property=\"article:modified_time\" content=\"2026-03-16T06:24:55+00:00\" \/>\n<meta name=\"twitter:card\" content=\"summary_large_image\" \/>\n<script type=\"application\/ld+json\" class=\"yoast-schema-graph\">{\"@context\":\"https:\/\/schema.org\",\"@graph\":[{\"@type\":\"WebPage\",\"@id\":\"https:\/\/watmove.be\/vraag-uw-offerte\/\",\"url\":\"https:\/\/watmove.be\/vraag-uw-offerte\/\",\"name\":\"Demander une offre - WAT Move\",\"isPartOf\":{\"@id\":\"https:\/\/watmove.be\/#website\"},\"datePublished\":\"2021-06-22T08:01:36+00:00\",\"dateModified\":\"2026-03-16T06:24:55+00:00\",\"description\":\"WAT Move est sp\u00e9cialis\u00e9e dans le montage, le d\u00e9montage et le transport de meubles dans toute la Belgique et au Luxembourg.\",\"breadcrumb\":{\"@id\":\"https:\/\/watmove.be\/vraag-uw-offerte\/#breadcrumb\"},\"inLanguage\":\"fr-BE\",\"potentialAction\":[{\"@type\":\"ReadAction\",\"target\":[\"https:\/\/watmove.be\/vraag-uw-offerte\/\"]}]},{\"@type\":\"BreadcrumbList\",\"@id\":\"https:\/\/watmove.be\/vraag-uw-offerte\/#breadcrumb\",\"itemListElement\":[{\"@type\":\"ListItem\",\"position\":1,\"name\":\"Home\",\"item\":\"https:\/\/watmove.be\/\"},{\"@type\":\"ListItem\",\"position\":2,\"name\":\"Demander une offre\"}]},{\"@type\":\"WebSite\",\"@id\":\"https:\/\/watmove.be\/#website\",\"url\":\"https:\/\/watmove.be\/\",\"name\":\"WAT Move\",\"description\":\"Uw nieuwe meubelmonteur\",\"publisher\":{\"@id\":\"https:\/\/watmove.be\/#organization\"},\"potentialAction\":[{\"@type\":\"SearchAction\",\"target\":{\"@type\":\"EntryPoint\",\"urlTemplate\":\"https:\/\/watmove.be\/?s={search_term_string}\"},\"query-input\":{\"@type\":\"PropertyValueSpecification\",\"valueRequired\":true,\"valueName\":\"search_term_string\"}}],\"inLanguage\":\"fr-BE\"},{\"@type\":\"Organization\",\"@id\":\"https:\/\/watmove.be\/#organization\",\"name\":\"OL Move\",\"url\":\"https:\/\/watmove.be\/\",\"logo\":{\"@type\":\"ImageObject\",\"inLanguage\":\"fr-BE\",\"@id\":\"https:\/\/watmove.be\/#\/schema\/logo\/image\/\",\"url\":\"https:\/\/watmove.be\/wp-content\/uploads\/2021\/06\/olmove-logo.png\",\"contentUrl\":\"https:\/\/watmove.be\/wp-content\/uploads\/2021\/06\/olmove-logo.png\",\"width\":424,\"height\":600,\"caption\":\"OL Move\"},\"image\":{\"@id\":\"https:\/\/watmove.be\/#\/schema\/logo\/image\/\"}}]}<\/script>\n<!-- \/ Yoast SEO plugin. -->","yoast_head_json":{"title":"Demander une offre - WAT Move","description":"WAT Move est sp\u00e9cialis\u00e9e dans le montage, le d\u00e9montage et le transport de meubles dans toute la Belgique et au Luxembourg.","robots":{"index":"index","follow":"follow","max-snippet":"max-snippet:-1","max-image-preview":"max-image-preview:large","max-video-preview":"max-video-preview:-1"},"canonical":"https:\/\/watmove.be\/vraag-uw-offerte\/","og_locale":"fr_FR","og_type":"article","og_title":"Demander une offre - WAT Move","og_description":"WAT Move est sp\u00e9cialis\u00e9e dans le montage, le d\u00e9montage et le transport de meubles dans toute la Belgique et au Luxembourg.","og_url":"https:\/\/watmove.be\/vraag-uw-offerte\/","og_site_name":"WAT Move","article_modified_time":"2026-03-16T06:24:55+00:00","twitter_card":"summary_large_image","schema":{"@context":"https:\/\/schema.org","@graph":[{"@type":"WebPage","@id":"https:\/\/watmove.be\/vraag-uw-offerte\/","url":"https:\/\/watmove.be\/vraag-uw-offerte\/","name":"Demander une offre - WAT Move","isPartOf":{"@id":"https:\/\/watmove.be\/#website"},"datePublished":"2021-06-22T08:01:36+00:00","dateModified":"2026-03-16T06:24:55+00:00","description":"WAT Move est sp\u00e9cialis\u00e9e dans le montage, le d\u00e9montage et le transport de meubles dans toute la Belgique et au Luxembourg.","breadcrumb":{"@id":"https:\/\/watmove.be\/vraag-uw-offerte\/#breadcrumb"},"inLanguage":"fr-BE","potentialAction":[{"@type":"ReadAction","target":["https:\/\/watmove.be\/vraag-uw-offerte\/"]}]},{"@type":"BreadcrumbList","@id":"https:\/\/watmove.be\/vraag-uw-offerte\/#breadcrumb","itemListElement":[{"@type":"ListItem","position":1,"name":"Home","item":"https:\/\/watmove.be\/"},{"@type":"ListItem","position":2,"name":"Demander une offre"}]},{"@type":"WebSite","@id":"https:\/\/watmove.be\/#website","url":"https:\/\/watmove.be\/","name":"WAT Move","description":"Uw nieuwe meubelmonteur","publisher":{"@id":"https:\/\/watmove.be\/#organization"},"potentialAction":[{"@type":"SearchAction","target":{"@type":"EntryPoint","urlTemplate":"https:\/\/watmove.be\/?s={search_term_string}"},"query-input":{"@type":"PropertyValueSpecification","valueRequired":true,"valueName":"search_term_string"}}],"inLanguage":"fr-BE"},{"@type":"Organization","@id":"https:\/\/watmove.be\/#organization","name":"OL Move","url":"https:\/\/watmove.be\/","logo":{"@type":"ImageObject","inLanguage":"fr-BE","@id":"https:\/\/watmove.be\/#\/schema\/logo\/image\/","url":"https:\/\/watmove.be\/wp-content\/uploads\/2021\/06\/olmove-logo.png","contentUrl":"https:\/\/watmove.be\/wp-content\/uploads\/2021\/06\/olmove-logo.png","width":424,"height":600,"caption":"OL Move"},"image":{"@id":"https:\/\/watmove.be\/#\/schema\/logo\/image\/"}}]}},"_links":{"self":[{"href":"https:\/\/watmove.be\/fr\/wp-json\/wp\/v2\/pages\/322","targetHints":{"allow":["GET"]}}],"collection":[{"href":"https:\/\/watmove.be\/fr\/wp-json\/wp\/v2\/pages"}],"about":[{"href":"https:\/\/watmove.be\/fr\/wp-json\/wp\/v2\/types\/page"}],"author":[{"embeddable":true,"href":"https:\/\/watmove.be\/fr\/wp-json\/wp\/v2\/users\/1"}],"replies":[{"embeddable":true,"href":"https:\/\/watmove.be\/fr\/wp-json\/wp\/v2\/comments?post=322"}],"version-history":[{"count":3,"href":"https:\/\/watmove.be\/fr\/wp-json\/wp\/v2\/pages\/322\/revisions"}],"predecessor-version":[{"id":574,"href":"https:\/\/watmove.be\/fr\/wp-json\/wp\/v2\/pages\/322\/revisions\/574"}],"wp:attachment":[{"href":"https:\/\/watmove.be\/fr\/wp-json\/wp\/v2\/media?parent=322"}],"curies":[{"name":"wp","href":"https:\/\/api.w.org\/{rel}","templated":true}]}}