{"id":320,"date":"2021-06-22T09:52:22","date_gmt":"2021-06-22T07:52:22","guid":{"rendered":"https:\/\/watmove.be\/assemblage-des-cuisines\/"},"modified":"2026-03-16T07:16:30","modified_gmt":"2026-03-16T06:16:30","slug":"assemblage-des-cuisines","status":"publish","type":"page","link":"https:\/\/watmove.be\/fr\/assemblage-des-cuisines\/","title":{"rendered":"Montage de mobilier"},"content":{"rendered":"\t\t<div data-elementor-type=\"wp-page\" data-elementor-id=\"320\" class=\"elementor elementor-320 elementor-13\" data-elementor-post-type=\"page\">\n\t\t\t\t\t\t<section class=\"elementor-section elementor-top-section elementor-element elementor-element-12f1506b elementor-section-full_width elementor-section-height-default elementor-section-height-default\" data-id=\"12f1506b\" data-element_type=\"section\" data-e-type=\"section\">\n\t\t\t\t\t\t<div class=\"elementor-container elementor-column-gap-no\">\n\t\t\t\t\t<div class=\"elementor-column elementor-col-100 elementor-top-column elementor-element elementor-element-34201057\" data-id=\"34201057\" data-element_type=\"column\" data-e-type=\"column\">\n\t\t\t<div class=\"elementor-widget-wrap elementor-element-populated\">\n\t\t\t\t\t\t<div class=\"elementor-element elementor-element-bf1cb11 elementor--v-position-bottom elementor--h-position-center elementor-widget elementor-widget-slides\" data-id=\"bf1cb11\" data-element_type=\"widget\" data-e-type=\"widget\" data-settings=\"{&quot;navigation&quot;:&quot;none&quot;,&quot;autoplay&quot;:&quot;yes&quot;,&quot;pause_on_hover&quot;:&quot;yes&quot;,&quot;pause_on_interaction&quot;:&quot;yes&quot;,&quot;autoplay_speed&quot;:5000,&quot;infinite&quot;:&quot;yes&quot;,&quot;transition&quot;:&quot;slide&quot;,&quot;transition_speed&quot;:500}\" data-widget_type=\"slides.default\">\n\t\t\t\t<div class=\"elementor-widget-container\">\n\t\t\t\t\t\t\t\t\t<div class=\"elementor-swiper\">\n\t\t\t\t\t<div class=\"elementor-slides-wrapper elementor-main-swiper swiper\" role=\"region\" aria-roledescription=\"carousel\" aria-label=\"Slides\" dir=\"ltr\" data-animation=\"fadeInLeft\">\n\t\t\t\t<div class=\"swiper-wrapper elementor-slides\">\n\t\t\t\t\t\t\t\t\t\t<div class=\"elementor-repeater-item-e86d17d swiper-slide\" role=\"group\" aria-roledescription=\"slide\"><div class=\"swiper-slide-bg\" role=\"img\" aria-label=\"KEUKENMONTAGE 1\"><\/div><div class=\"elementor-background-overlay\"><\/div><div class=\"swiper-slide-inner\" ><div class=\"swiper-slide-contents\"><div class=\"elementor-slide-heading\">Montage de mobilier<\/div><\/div><\/div><\/div>\t\t\t\t<\/div>\n\t\t\t\t\t\t\t<\/div>\n\t\t\t\t<\/div>\n\t\t\t\t\t\t\t\t<\/div>\n\t\t\t\t<\/div>\n\t\t\t\t\t<\/div>\n\t\t<\/div>\n\t\t\t\t\t<\/div>\n\t\t<\/section>\n\t\t\t\t<section class=\"elementor-section elementor-top-section elementor-element elementor-element-6d277539 elementor-section-boxed elementor-section-height-default elementor-section-height-default\" data-id=\"6d277539\" data-element_type=\"section\" data-e-type=\"section\">\n\t\t\t\t\t\t<div class=\"elementor-container elementor-column-gap-default\">\n\t\t\t\t\t<div class=\"elementor-column elementor-col-100 elementor-top-column elementor-element elementor-element-41aeac6b\" data-id=\"41aeac6b\" data-element_type=\"column\" data-e-type=\"column\" data-settings=\"{&quot;background_background&quot;:&quot;classic&quot;}\">\n\t\t\t<div class=\"elementor-widget-wrap elementor-element-populated\">\n\t\t\t\t\t\t<div class=\"elementor-element elementor-element-20ab421d elementor-widget elementor-widget-heading\" data-id=\"20ab421d\" data-element_type=\"widget\" data-e-type=\"widget\" data-widget_type=\"heading.default\">\n\t\t\t\t<div class=\"elementor-widget-container\">\n\t\t\t\t\t<h2 class=\"elementor-heading-title elementor-size-default\">Vous avez des difficult\u00e9s avec le montage de vos meubles ? Pas de soucis, WAT Move vous aide. Le d\u00e9montage et le remontage est accompli avec soin et avec des outils professionnels.<\/h2>\t\t\t\t<\/div>\n\t\t\t\t<\/div>\n\t\t\t\t\t<\/div>\n\t\t<\/div>\n\t\t\t\t\t<\/div>\n\t\t<\/section>\n\t\t\t\t<section class=\"elementor-section elementor-top-section elementor-element elementor-element-59e55dbb elementor-section-full_width elementor-section-height-default elementor-section-height-default\" data-id=\"59e55dbb\" data-element_type=\"section\" data-e-type=\"section\">\n\t\t\t\t\t\t<div class=\"elementor-container elementor-column-gap-default\">\n\t\t\t\t\t<div class=\"elementor-column elementor-col-50 elementor-top-column elementor-element elementor-element-33b9534b\" data-id=\"33b9534b\" data-element_type=\"column\" data-e-type=\"column\" data-settings=\"{&quot;background_background&quot;:&quot;classic&quot;}\">\n\t\t\t<div class=\"elementor-widget-wrap elementor-element-populated\">\n\t\t\t\t\t\t<div class=\"elementor-element elementor-element-19b14363 elementor-widget elementor-widget-spacer\" data-id=\"19b14363\" data-element_type=\"widget\" data-e-type=\"widget\" data-widget_type=\"spacer.default\">\n\t\t\t\t<div class=\"elementor-widget-container\">\n\t\t\t\t\t\t\t<div class=\"elementor-spacer\">\n\t\t\t<div class=\"elementor-spacer-inner\"><\/div>\n\t\t<\/div>\n\t\t\t\t\t\t<\/div>\n\t\t\t\t<\/div>\n\t\t\t\t\t<\/div>\n\t\t<\/div>\n\t\t\t\t<div class=\"elementor-column elementor-col-50 elementor-top-column elementor-element elementor-element-4bc83dcb\" data-id=\"4bc83dcb\" data-element_type=\"column\" data-e-type=\"column\" data-settings=\"{&quot;background_background&quot;:&quot;classic&quot;}\">\n\t\t\t<div class=\"elementor-widget-wrap elementor-element-populated\">\n\t\t\t\t\t\t<div class=\"elementor-element elementor-element-fb5cf78 elementor-widget elementor-widget-heading\" data-id=\"fb5cf78\" data-element_type=\"widget\" data-e-type=\"widget\" data-widget_type=\"heading.default\">\n\t\t\t\t<div class=\"elementor-widget-container\">\n\t\t\t\t\t<h2 class=\"elementor-heading-title elementor-size-default\">Le service de livraison et montage de meubles est disponible pour professionnels et particuliers. <\/h2>\t\t\t\t<\/div>\n\t\t\t\t<\/div>\n\t\t\t\t<div class=\"elementor-element elementor-element-5e40be5b elementor-widget elementor-widget-text-editor\" data-id=\"5e40be5b\" data-element_type=\"widget\" data-e-type=\"widget\" data-widget_type=\"text-editor.default\">\n\t\t\t\t<div class=\"elementor-widget-container\">\n\t\t\t\t\t\t\t\t\t<p>Notre service de livraison et montage de meubles comprend \u00e9galement:<\/p>\n\t\t\t\t\t\t\t\t<\/div>\n\t\t\t\t<\/div>\n\t\t\t\t<div class=\"elementor-element elementor-element-5950e425 elementor-icon-list--layout-traditional elementor-list-item-link-full_width elementor-widget elementor-widget-icon-list\" data-id=\"5950e425\" data-element_type=\"widget\" data-e-type=\"widget\" data-widget_type=\"icon-list.default\">\n\t\t\t\t<div class=\"elementor-widget-container\">\n\t\t\t\t\t\t\t<ul class=\"elementor-icon-list-items\">\n\t\t\t\t\t\t\t<li class=\"elementor-icon-list-item\">\n\t\t\t\t\t\t\t\t\t\t\t<span class=\"elementor-icon-list-icon\">\n\t\t\t\t\t\t\t<i aria-hidden=\"true\" class=\"fas fa-check\"><\/i>\t\t\t\t\t\t<\/span>\n\t\t\t\t\t\t\t\t\t\t<span class=\"elementor-icon-list-text\">R\u00e9ception et contr\u00f4le des marchandises dans notre d\u00e9p\u00f4t s\u00e9curis\u00e9<\/span>\n\t\t\t\t\t\t\t\t\t<\/li>\n\t\t\t\t\t\t\t\t<li class=\"elementor-icon-list-item\">\n\t\t\t\t\t\t\t\t\t\t\t<span class=\"elementor-icon-list-icon\">\n\t\t\t\t\t\t\t<i aria-hidden=\"true\" class=\"fas fa-check\"><\/i>\t\t\t\t\t\t<\/span>\n\t\t\t\t\t\t\t\t\t\t<span class=\"elementor-icon-list-text\">Stockage<\/span>\n\t\t\t\t\t\t\t\t\t<\/li>\n\t\t\t\t\t\t\t\t<li class=\"elementor-icon-list-item\">\n\t\t\t\t\t\t\t\t\t\t\t<span class=\"elementor-icon-list-icon\">\n\t\t\t\t\t\t\t<i aria-hidden=\"true\" class=\"fas fa-check\"><\/i>\t\t\t\t\t\t<\/span>\n\t\t\t\t\t\t\t\t\t\t<span class=\"elementor-icon-list-text\">Planification des livraisons et installation<\/span>\n\t\t\t\t\t\t\t\t\t<\/li>\n\t\t\t\t\t\t\t\t<li class=\"elementor-icon-list-item\">\n\t\t\t\t\t\t\t\t\t\t\t<span class=\"elementor-icon-list-icon\">\n\t\t\t\t\t\t\t<i aria-hidden=\"true\" class=\"fas fa-check\"><\/i>\t\t\t\t\t\t<\/span>\n\t\t\t\t\t\t\t\t\t\t<span class=\"elementor-icon-list-text\">Suivi de chantier<\/span>\n\t\t\t\t\t\t\t\t\t<\/li>\n\t\t\t\t\t\t\t\t<li class=\"elementor-icon-list-item\">\n\t\t\t\t\t\t\t\t\t\t\t<span class=\"elementor-icon-list-icon\">\n\t\t\t\t\t\t\t<i aria-hidden=\"true\" class=\"fas fa-check\"><\/i>\t\t\t\t\t\t<\/span>\n\t\t\t\t\t\t\t\t\t\t<span class=\"elementor-icon-list-text\">D\u00e9montage et reprise de vieux mobilier<\/span>\n\t\t\t\t\t\t\t\t\t<\/li>\n\t\t\t\t\t\t\t\t<li class=\"elementor-icon-list-item\">\n\t\t\t\t\t\t\t\t\t\t\t<span class=\"elementor-icon-list-icon\">\n\t\t\t\t\t\t\t<i aria-hidden=\"true\" class=\"fas fa-check\"><\/i>\t\t\t\t\t\t<\/span>\n\t\t\t\t\t\t\t\t\t\t<span class=\"elementor-icon-list-text\">Reprise des d\u00e9chets d\u2019emballage<\/span>\n\t\t\t\t\t\t\t\t\t<\/li>\n\t\t\t\t\t\t\t\t<li class=\"elementor-icon-list-item\">\n\t\t\t\t\t\t\t\t\t\t\t<span class=\"elementor-icon-list-icon\">\n\t\t\t\t\t\t\t<i aria-hidden=\"true\" class=\"fas fa-check\"><\/i>\t\t\t\t\t\t<\/span>\n\t\t\t\t\t\t\t\t\t\t<span class=\"elementor-icon-list-text\">D\u00e9montage &amp; montage de meubles<\/span>\n\t\t\t\t\t\t\t\t\t<\/li>\n\t\t\t\t\t\t<\/ul>\n\t\t\t\t\t\t<\/div>\n\t\t\t\t<\/div>\n\t\t\t\t<div class=\"elementor-element elementor-element-280e2864 elementor-widget elementor-widget-heading\" data-id=\"280e2864\" data-element_type=\"widget\" data-e-type=\"widget\" data-widget_type=\"heading.default\">\n\t\t\t\t<div class=\"elementor-widget-container\">\n\t\t\t\t\t<h2 class=\"elementor-heading-title elementor-size-default\">WAT Move vous aide pour le d\u00e9montage et le remontage de votre mobilier<\/h2>\t\t\t\t<\/div>\n\t\t\t\t<\/div>\n\t\t\t\t\t<\/div>\n\t\t<\/div>\n\t\t\t\t\t<\/div>\n\t\t<\/section>\n\t\t\t\t<section class=\"elementor-section elementor-top-section elementor-element elementor-element-a1eb930 elementor-section-boxed elementor-section-height-default elementor-section-height-default\" data-id=\"a1eb930\" data-element_type=\"section\" data-e-type=\"section\" data-settings=\"{&quot;background_background&quot;:&quot;classic&quot;}\">\n\t\t\t\t\t\t<div class=\"elementor-container elementor-column-gap-default\">\n\t\t\t\t\t<div class=\"elementor-column elementor-col-100 elementor-top-column elementor-element elementor-element-43d767f\" data-id=\"43d767f\" data-element_type=\"column\" data-e-type=\"column\" data-settings=\"{&quot;background_background&quot;:&quot;classic&quot;}\">\n\t\t\t<div class=\"elementor-widget-wrap elementor-element-populated\">\n\t\t\t\t\t\t<div class=\"elementor-element elementor-element-b1b4e12 elementor-widget elementor-widget-heading\" data-id=\"b1b4e12\" data-element_type=\"widget\" data-e-type=\"widget\" data-widget_type=\"heading.default\">\n\t\t\t\t<div class=\"elementor-widget-container\">\n\t\t\t\t\t<h2 class=\"elementor-heading-title elementor-size-default\">Voulez-vous en savoir plus? Prenez rendez-vous ici facilement et rapidement<\/h2>\t\t\t\t<\/div>\n\t\t\t\t<\/div>\n\t\t\t\t<div class=\"elementor-element elementor-element-34d81fc4 elementor-align-center elementor-widget elementor-widget-button\" data-id=\"34d81fc4\" data-element_type=\"widget\" data-e-type=\"widget\" data-widget_type=\"button.default\">\n\t\t\t\t<div class=\"elementor-widget-container\">\n\t\t\t\t\t\t\t\t\t<div class=\"elementor-button-wrapper\">\n\t\t\t\t\t<a class=\"elementor-button elementor-button-link elementor-size-md\" href=\"https:\/\/watmove.be\/fr\/contact\/\">\n\t\t\t\t\t\t<span class=\"elementor-button-content-wrapper\">\n\t\t\t\t\t\t\t\t\t<span class=\"elementor-button-text\">Contactez nous<\/span>\n\t\t\t\t\t<\/span>\n\t\t\t\t\t<\/a>\n\t\t\t\t<\/div>\n\t\t\t\t\t\t\t\t<\/div>\n\t\t\t\t<\/div>\n\t\t\t\t\t<\/div>\n\t\t<\/div>\n\t\t\t\t\t<\/div>\n\t\t<\/section>\n\t\t\t\t<section class=\"elementor-section elementor-top-section elementor-element elementor-element-30cfb7ff elementor-section-full_width elementor-section-height-default elementor-section-height-default\" data-id=\"30cfb7ff\" data-element_type=\"section\" data-e-type=\"section\">\n\t\t\t\t\t\t<div class=\"elementor-container elementor-column-gap-narrow\">\n\t\t\t\t\t<div class=\"elementor-column elementor-col-100 elementor-top-column elementor-element elementor-element-2c252b8c\" data-id=\"2c252b8c\" data-element_type=\"column\" data-e-type=\"column\">\n\t\t\t<div class=\"elementor-widget-wrap elementor-element-populated\">\n\t\t\t\t\t\t<div class=\"elementor-element elementor-element-7862610a elementor-widget elementor-widget-gallery\" data-id=\"7862610a\" data-element_type=\"widget\" data-e-type=\"widget\" data-settings=\"{&quot;columns&quot;:6,&quot;columns_tablet&quot;:3,&quot;columns_mobile&quot;:2,&quot;gap_mobile&quot;:{&quot;unit&quot;:&quot;px&quot;,&quot;size&quot;:5,&quot;sizes&quot;:[]},&quot;aspect_ratio&quot;:&quot;1:1&quot;,&quot;lazyload&quot;:&quot;yes&quot;,&quot;gallery_layout&quot;:&quot;grid&quot;,&quot;gap&quot;:{&quot;unit&quot;:&quot;px&quot;,&quot;size&quot;:10,&quot;sizes&quot;:[]},&quot;gap_tablet&quot;:{&quot;unit&quot;:&quot;px&quot;,&quot;size&quot;:10,&quot;sizes&quot;:[]},&quot;link_to&quot;:&quot;file&quot;,&quot;overlay_background&quot;:&quot;yes&quot;,&quot;content_hover_animation&quot;:&quot;fade-in&quot;}\" data-widget_type=\"gallery.default\">\n\t\t\t\t<div class=\"elementor-widget-container\">\n\t\t\t\t\t\t\t<div class=\"elementor-gallery__container\">\n\t\t\t\t\t\t\t<a class=\"e-gallery-item elementor-gallery-item elementor-animated-content\" href=\"https:\/\/watmove.be\/wp-content\/uploads\/2021\/06\/KEUKENMONTAGE-4.jpg\" data-elementor-open-lightbox=\"yes\" data-elementor-lightbox-slideshow=\"7862610a\" data-elementor-lightbox-title=\"KEUKENMONTAGE 4\" data-e-action-hash=\"#elementor-action%3Aaction%3Dlightbox%26settings%3DeyJpZCI6Mjk4LCJ1cmwiOiJodHRwczpcL1wvd2F0bW92ZS5iZVwvd3AtY29udGVudFwvdXBsb2Fkc1wvMjAyMVwvMDZcL0tFVUtFTk1PTlRBR0UtNC5qcGciLCJzbGlkZXNob3ciOiI3ODYyNjEwYSJ9\">\n\t\t\t\t\t<div class=\"e-gallery-image elementor-gallery-item__image\" data-thumbnail=\"https:\/\/watmove.be\/wp-content\/uploads\/2021\/06\/KEUKENMONTAGE-4-768x512.jpg\" data-width=\"768\" data-height=\"512\" aria-label=\"\" role=\"img\" ><\/div>\n\t\t\t\t\t\t\t\t\t\t\t<div class=\"elementor-gallery-item__overlay\"><\/div>\n\t\t\t\t\t\t\t\t\t\t\t\t\t\t<\/a>\n\t\t\t\t\t\t\t<a class=\"e-gallery-item elementor-gallery-item elementor-animated-content\" href=\"https:\/\/watmove.be\/wp-content\/uploads\/2021\/06\/KEUKENMONTAGE-3.jpg\" data-elementor-open-lightbox=\"yes\" data-elementor-lightbox-slideshow=\"7862610a\" data-elementor-lightbox-title=\"KEUKENMONTAGE 3\" data-e-action-hash=\"#elementor-action%3Aaction%3Dlightbox%26settings%3DeyJpZCI6Mjk3LCJ1cmwiOiJodHRwczpcL1wvd2F0bW92ZS5iZVwvd3AtY29udGVudFwvdXBsb2Fkc1wvMjAyMVwvMDZcL0tFVUtFTk1PTlRBR0UtMy5qcGciLCJzbGlkZXNob3ciOiI3ODYyNjEwYSJ9\">\n\t\t\t\t\t<div class=\"e-gallery-image elementor-gallery-item__image\" data-thumbnail=\"https:\/\/watmove.be\/wp-content\/uploads\/2021\/06\/KEUKENMONTAGE-3-768x512.jpg\" data-width=\"768\" data-height=\"512\" aria-label=\"\" role=\"img\" ><\/div>\n\t\t\t\t\t\t\t\t\t\t\t<div class=\"elementor-gallery-item__overlay\"><\/div>\n\t\t\t\t\t\t\t\t\t\t\t\t\t\t<\/a>\n\t\t\t\t\t\t\t<a class=\"e-gallery-item elementor-gallery-item elementor-animated-content\" href=\"https:\/\/watmove.be\/wp-content\/uploads\/2021\/06\/KEUKENMONTAGE-5.jpg\" data-elementor-open-lightbox=\"yes\" data-elementor-lightbox-slideshow=\"7862610a\" data-elementor-lightbox-title=\"KEUKENMONTAGE 5\" data-e-action-hash=\"#elementor-action%3Aaction%3Dlightbox%26settings%3DeyJpZCI6Mjk5LCJ1cmwiOiJodHRwczpcL1wvd2F0bW92ZS5iZVwvd3AtY29udGVudFwvdXBsb2Fkc1wvMjAyMVwvMDZcL0tFVUtFTk1PTlRBR0UtNS5qcGciLCJzbGlkZXNob3ciOiI3ODYyNjEwYSJ9\">\n\t\t\t\t\t<div class=\"e-gallery-image elementor-gallery-item__image\" data-thumbnail=\"https:\/\/watmove.be\/wp-content\/uploads\/2021\/06\/KEUKENMONTAGE-5-768x512.jpg\" data-width=\"768\" data-height=\"512\" aria-label=\"\" role=\"img\" ><\/div>\n\t\t\t\t\t\t\t\t\t\t\t<div class=\"elementor-gallery-item__overlay\"><\/div>\n\t\t\t\t\t\t\t\t\t\t\t\t\t\t<\/a>\n\t\t\t\t\t\t\t<a class=\"e-gallery-item elementor-gallery-item elementor-animated-content\" href=\"https:\/\/watmove.be\/wp-content\/uploads\/2021\/06\/KEUKENMONTAGE-6.jpg\" data-elementor-open-lightbox=\"yes\" data-elementor-lightbox-slideshow=\"7862610a\" data-elementor-lightbox-title=\"KEUKENMONTAGE 6\" data-e-action-hash=\"#elementor-action%3Aaction%3Dlightbox%26settings%3DeyJpZCI6MzAwLCJ1cmwiOiJodHRwczpcL1wvd2F0bW92ZS5iZVwvd3AtY29udGVudFwvdXBsb2Fkc1wvMjAyMVwvMDZcL0tFVUtFTk1PTlRBR0UtNi5qcGciLCJzbGlkZXNob3ciOiI3ODYyNjEwYSJ9\">\n\t\t\t\t\t<div class=\"e-gallery-image elementor-gallery-item__image\" data-thumbnail=\"https:\/\/watmove.be\/wp-content\/uploads\/2021\/06\/KEUKENMONTAGE-6-768x512.jpg\" data-width=\"768\" data-height=\"512\" aria-label=\"\" role=\"img\" ><\/div>\n\t\t\t\t\t\t\t\t\t\t\t<div class=\"elementor-gallery-item__overlay\"><\/div>\n\t\t\t\t\t\t\t\t\t\t\t\t\t\t<\/a>\n\t\t\t\t\t\t\t<a class=\"e-gallery-item elementor-gallery-item elementor-animated-content\" href=\"https:\/\/watmove.be\/wp-content\/uploads\/2021\/06\/KEUKENMONTAGE-8.jpg\" data-elementor-open-lightbox=\"yes\" data-elementor-lightbox-slideshow=\"7862610a\" data-elementor-lightbox-title=\"KEUKENMONTAGE 8\" data-e-action-hash=\"#elementor-action%3Aaction%3Dlightbox%26settings%3DeyJpZCI6MzAyLCJ1cmwiOiJodHRwczpcL1wvd2F0bW92ZS5iZVwvd3AtY29udGVudFwvdXBsb2Fkc1wvMjAyMVwvMDZcL0tFVUtFTk1PTlRBR0UtOC5qcGciLCJzbGlkZXNob3ciOiI3ODYyNjEwYSJ9\">\n\t\t\t\t\t<div class=\"e-gallery-image elementor-gallery-item__image\" data-thumbnail=\"https:\/\/watmove.be\/wp-content\/uploads\/2021\/06\/KEUKENMONTAGE-8-768x512.jpg\" data-width=\"768\" data-height=\"512\" aria-label=\"\" role=\"img\" ><\/div>\n\t\t\t\t\t\t\t\t\t\t\t<div class=\"elementor-gallery-item__overlay\"><\/div>\n\t\t\t\t\t\t\t\t\t\t\t\t\t\t<\/a>\n\t\t\t\t\t\t\t<a class=\"e-gallery-item elementor-gallery-item elementor-animated-content\" href=\"https:\/\/watmove.be\/wp-content\/uploads\/2021\/06\/KEUKENMONTAGE-2.jpg\" data-elementor-open-lightbox=\"yes\" data-elementor-lightbox-slideshow=\"7862610a\" data-elementor-lightbox-title=\"KEUKENMONTAGE 2\" data-e-action-hash=\"#elementor-action%3Aaction%3Dlightbox%26settings%3DeyJpZCI6Mjk2LCJ1cmwiOiJodHRwczpcL1wvd2F0bW92ZS5iZVwvd3AtY29udGVudFwvdXBsb2Fkc1wvMjAyMVwvMDZcL0tFVUtFTk1PTlRBR0UtMi5qcGciLCJzbGlkZXNob3ciOiI3ODYyNjEwYSJ9\">\n\t\t\t\t\t<div class=\"e-gallery-image elementor-gallery-item__image\" data-thumbnail=\"https:\/\/watmove.be\/wp-content\/uploads\/2021\/06\/KEUKENMONTAGE-2-768x1152.jpg\" data-width=\"768\" data-height=\"1152\" aria-label=\"\" role=\"img\" ><\/div>\n\t\t\t\t\t\t\t\t\t\t\t<div class=\"elementor-gallery-item__overlay\"><\/div>\n\t\t\t\t\t\t\t\t\t\t\t\t\t\t<\/a>\n\t\t\t\t\t<\/div>\n\t\t\t\t\t<\/div>\n\t\t\t\t<\/div>\n\t\t\t\t\t<\/div>\n\t\t<\/div>\n\t\t\t\t\t<\/div>\n\t\t<\/section>\n\t\t\t\t<\/div>\n\t\t","protected":false},"excerpt":{"rendered":"<p>Vous avez des difficult\u00e9s avec le montage de vos meubles ? Pas de soucis, WAT Move vous aide. Le d\u00e9montage et le remontage est accompli avec soin et avec des outils professionnels. Le service de livraison et montage de meubles est disponible pour professionnels et particuliers. Notre service de livraison et montage de meubles comprend [&hellip;]<\/p>\n","protected":false},"author":1,"featured_media":0,"parent":0,"menu_order":0,"comment_status":"closed","ping_status":"closed","template":"elementor_header_footer","meta":{"footnotes":""},"class_list":["post-320","page","type-page","status-publish","hentry"],"yoast_head":"<!-- This site is optimized with the Yoast SEO plugin v27.1.1 - https:\/\/yoast.com\/product\/yoast-seo-wordpress\/ -->\n<title>Montage de mobilier - WAT Move<\/title>\n<meta name=\"description\" content=\"Vous avez des difficult\u00e9s avec le montage de vos meubles ? Pas de soucis, WAT Move vous aide. Le d\u00e9montage et le remontage est accompli avec soin et avec des outils professionnels.\" \/>\n<meta name=\"robots\" content=\"index, follow, max-snippet:-1, max-image-preview:large, max-video-preview:-1\" \/>\n<link rel=\"canonical\" href=\"https:\/\/watmove.be\/meubelmontage\/\" \/>\n<meta property=\"og:locale\" content=\"fr_FR\" \/>\n<meta property=\"og:type\" content=\"article\" \/>\n<meta property=\"og:title\" content=\"Montage de mobilier - WAT Move\" \/>\n<meta property=\"og:description\" content=\"Vous avez des difficult\u00e9s avec le montage de vos meubles ? Pas de soucis, WAT Move vous aide. Le d\u00e9montage et le remontage est accompli avec soin et avec des outils professionnels.\" \/>\n<meta property=\"og:url\" content=\"https:\/\/watmove.be\/meubelmontage\/\" \/>\n<meta property=\"og:site_name\" content=\"WAT Move\" \/>\n<meta property=\"article:modified_time\" content=\"2026-03-16T06:16:30+00:00\" \/>\n<meta name=\"twitter:card\" content=\"summary_large_image\" \/>\n<meta name=\"twitter:label1\" content=\"Dur\u00e9e de lecture est.\" \/>\n\t<meta name=\"twitter:data1\" content=\"1 minute\" \/>\n<script type=\"application\/ld+json\" class=\"yoast-schema-graph\">{\"@context\":\"https:\/\/schema.org\",\"@graph\":[{\"@type\":\"WebPage\",\"@id\":\"https:\/\/watmove.be\/meubelmontage\/\",\"url\":\"https:\/\/watmove.be\/meubelmontage\/\",\"name\":\"Montage de mobilier - WAT Move\",\"isPartOf\":{\"@id\":\"https:\/\/watmove.be\/#website\"},\"datePublished\":\"2021-06-22T07:52:22+00:00\",\"dateModified\":\"2026-03-16T06:16:30+00:00\",\"description\":\"Vous avez des difficult\u00e9s avec le montage de vos meubles ? Pas de soucis, WAT Move vous aide. Le d\u00e9montage et le remontage est accompli avec soin et avec des outils professionnels.\",\"breadcrumb\":{\"@id\":\"https:\/\/watmove.be\/meubelmontage\/#breadcrumb\"},\"inLanguage\":\"fr-BE\",\"potentialAction\":[{\"@type\":\"ReadAction\",\"target\":[\"https:\/\/watmove.be\/meubelmontage\/\"]}]},{\"@type\":\"BreadcrumbList\",\"@id\":\"https:\/\/watmove.be\/meubelmontage\/#breadcrumb\",\"itemListElement\":[{\"@type\":\"ListItem\",\"position\":1,\"name\":\"Home\",\"item\":\"https:\/\/watmove.be\/\"},{\"@type\":\"ListItem\",\"position\":2,\"name\":\"Montage de mobilier\"}]},{\"@type\":\"WebSite\",\"@id\":\"https:\/\/watmove.be\/#website\",\"url\":\"https:\/\/watmove.be\/\",\"name\":\"WAT Move\",\"description\":\"Uw nieuwe meubelmonteur\",\"publisher\":{\"@id\":\"https:\/\/watmove.be\/#organization\"},\"potentialAction\":[{\"@type\":\"SearchAction\",\"target\":{\"@type\":\"EntryPoint\",\"urlTemplate\":\"https:\/\/watmove.be\/?s={search_term_string}\"},\"query-input\":{\"@type\":\"PropertyValueSpecification\",\"valueRequired\":true,\"valueName\":\"search_term_string\"}}],\"inLanguage\":\"fr-BE\"},{\"@type\":\"Organization\",\"@id\":\"https:\/\/watmove.be\/#organization\",\"name\":\"OL Move\",\"url\":\"https:\/\/watmove.be\/\",\"logo\":{\"@type\":\"ImageObject\",\"inLanguage\":\"fr-BE\",\"@id\":\"https:\/\/watmove.be\/#\/schema\/logo\/image\/\",\"url\":\"https:\/\/watmove.be\/wp-content\/uploads\/2021\/06\/olmove-logo.png\",\"contentUrl\":\"https:\/\/watmove.be\/wp-content\/uploads\/2021\/06\/olmove-logo.png\",\"width\":424,\"height\":600,\"caption\":\"OL Move\"},\"image\":{\"@id\":\"https:\/\/watmove.be\/#\/schema\/logo\/image\/\"}}]}<\/script>\n<!-- \/ Yoast SEO plugin. -->","yoast_head_json":{"title":"Montage de mobilier - WAT Move","description":"Vous avez des difficult\u00e9s avec le montage de vos meubles ? Pas de soucis, WAT Move vous aide. Le d\u00e9montage et le remontage est accompli avec soin et avec des outils professionnels.","robots":{"index":"index","follow":"follow","max-snippet":"max-snippet:-1","max-image-preview":"max-image-preview:large","max-video-preview":"max-video-preview:-1"},"canonical":"https:\/\/watmove.be\/meubelmontage\/","og_locale":"fr_FR","og_type":"article","og_title":"Montage de mobilier - WAT Move","og_description":"Vous avez des difficult\u00e9s avec le montage de vos meubles ? Pas de soucis, WAT Move vous aide. Le d\u00e9montage et le remontage est accompli avec soin et avec des outils professionnels.","og_url":"https:\/\/watmove.be\/meubelmontage\/","og_site_name":"WAT Move","article_modified_time":"2026-03-16T06:16:30+00:00","twitter_card":"summary_large_image","twitter_misc":{"Dur\u00e9e de lecture est.":"1 minute"},"schema":{"@context":"https:\/\/schema.org","@graph":[{"@type":"WebPage","@id":"https:\/\/watmove.be\/meubelmontage\/","url":"https:\/\/watmove.be\/meubelmontage\/","name":"Montage de mobilier - WAT Move","isPartOf":{"@id":"https:\/\/watmove.be\/#website"},"datePublished":"2021-06-22T07:52:22+00:00","dateModified":"2026-03-16T06:16:30+00:00","description":"Vous avez des difficult\u00e9s avec le montage de vos meubles ? Pas de soucis, WAT Move vous aide. Le d\u00e9montage et le remontage est accompli avec soin et avec des outils professionnels.","breadcrumb":{"@id":"https:\/\/watmove.be\/meubelmontage\/#breadcrumb"},"inLanguage":"fr-BE","potentialAction":[{"@type":"ReadAction","target":["https:\/\/watmove.be\/meubelmontage\/"]}]},{"@type":"BreadcrumbList","@id":"https:\/\/watmove.be\/meubelmontage\/#breadcrumb","itemListElement":[{"@type":"ListItem","position":1,"name":"Home","item":"https:\/\/watmove.be\/"},{"@type":"ListItem","position":2,"name":"Montage de mobilier"}]},{"@type":"WebSite","@id":"https:\/\/watmove.be\/#website","url":"https:\/\/watmove.be\/","name":"WAT Move","description":"Uw nieuwe meubelmonteur","publisher":{"@id":"https:\/\/watmove.be\/#organization"},"potentialAction":[{"@type":"SearchAction","target":{"@type":"EntryPoint","urlTemplate":"https:\/\/watmove.be\/?s={search_term_string}"},"query-input":{"@type":"PropertyValueSpecification","valueRequired":true,"valueName":"search_term_string"}}],"inLanguage":"fr-BE"},{"@type":"Organization","@id":"https:\/\/watmove.be\/#organization","name":"OL Move","url":"https:\/\/watmove.be\/","logo":{"@type":"ImageObject","inLanguage":"fr-BE","@id":"https:\/\/watmove.be\/#\/schema\/logo\/image\/","url":"https:\/\/watmove.be\/wp-content\/uploads\/2021\/06\/olmove-logo.png","contentUrl":"https:\/\/watmove.be\/wp-content\/uploads\/2021\/06\/olmove-logo.png","width":424,"height":600,"caption":"OL Move"},"image":{"@id":"https:\/\/watmove.be\/#\/schema\/logo\/image\/"}}]}},"_links":{"self":[{"href":"https:\/\/watmove.be\/fr\/wp-json\/wp\/v2\/pages\/320","targetHints":{"allow":["GET"]}}],"collection":[{"href":"https:\/\/watmove.be\/fr\/wp-json\/wp\/v2\/pages"}],"about":[{"href":"https:\/\/watmove.be\/fr\/wp-json\/wp\/v2\/types\/page"}],"author":[{"embeddable":true,"href":"https:\/\/watmove.be\/fr\/wp-json\/wp\/v2\/users\/1"}],"replies":[{"embeddable":true,"href":"https:\/\/watmove.be\/fr\/wp-json\/wp\/v2\/comments?post=320"}],"version-history":[{"count":8,"href":"https:\/\/watmove.be\/fr\/wp-json\/wp\/v2\/pages\/320\/revisions"}],"predecessor-version":[{"id":649,"href":"https:\/\/watmove.be\/fr\/wp-json\/wp\/v2\/pages\/320\/revisions\/649"}],"wp:attachment":[{"href":"https:\/\/watmove.be\/fr\/wp-json\/wp\/v2\/media?parent=320"}],"curies":[{"name":"wp","href":"https:\/\/api.w.org\/{rel}","templated":true}]}}