{"id":318,"date":"2021-06-22T09:47:20","date_gmt":"2021-06-22T07:47:20","guid":{"rendered":"https:\/\/watmove.be\/nos-valeurs\/"},"modified":"2026-03-16T07:16:58","modified_gmt":"2026-03-16T06:16:58","slug":"nos-valeurs","status":"publish","type":"page","link":"https:\/\/watmove.be\/fr\/nos-valeurs\/","title":{"rendered":"Nos Valeurs"},"content":{"rendered":"\t\t<div data-elementor-type=\"wp-page\" data-elementor-id=\"318\" class=\"elementor elementor-318 elementor-17\" data-elementor-post-type=\"page\">\n\t\t\t\t\t\t<section class=\"elementor-section elementor-top-section elementor-element elementor-element-7629fb80 elementor-section-full_width elementor-section-height-default elementor-section-height-default\" data-id=\"7629fb80\" data-element_type=\"section\" data-e-type=\"section\">\n\t\t\t\t\t\t<div class=\"elementor-container elementor-column-gap-no\">\n\t\t\t\t\t<div class=\"elementor-column elementor-col-100 elementor-top-column elementor-element elementor-element-2182da98\" data-id=\"2182da98\" data-element_type=\"column\" data-e-type=\"column\">\n\t\t\t<div class=\"elementor-widget-wrap elementor-element-populated\">\n\t\t\t\t\t\t<div class=\"elementor-element elementor-element-2c4cafa5 elementor--v-position-bottom elementor--h-position-center elementor-widget elementor-widget-slides\" data-id=\"2c4cafa5\" data-element_type=\"widget\" data-e-type=\"widget\" data-settings=\"{&quot;navigation&quot;:&quot;none&quot;,&quot;autoplay&quot;:&quot;yes&quot;,&quot;pause_on_hover&quot;:&quot;yes&quot;,&quot;pause_on_interaction&quot;:&quot;yes&quot;,&quot;autoplay_speed&quot;:5000,&quot;infinite&quot;:&quot;yes&quot;,&quot;transition&quot;:&quot;slide&quot;,&quot;transition_speed&quot;:500}\" data-widget_type=\"slides.default\">\n\t\t\t\t<div class=\"elementor-widget-container\">\n\t\t\t\t\t\t\t\t\t<div class=\"elementor-swiper\">\n\t\t\t\t\t<div class=\"elementor-slides-wrapper elementor-main-swiper swiper\" role=\"region\" aria-roledescription=\"carousel\" aria-label=\"Slides\" dir=\"ltr\" data-animation=\"fadeInLeft\">\n\t\t\t\t<div class=\"swiper-wrapper elementor-slides\">\n\t\t\t\t\t\t\t\t\t\t<div class=\"elementor-repeater-item-e86d17d swiper-slide\" role=\"group\" aria-roledescription=\"slide\"><div class=\"swiper-slide-bg\" role=\"img\" aria-label=\"BEDRIJFSVERHUIZING 10\"><\/div><div class=\"elementor-background-overlay\"><\/div><div class=\"swiper-slide-inner\" ><div class=\"swiper-slide-contents\"><div class=\"elementor-slide-heading\">Nos Valeurs - Nos Engagements<\/div><\/div><\/div><\/div>\t\t\t\t<\/div>\n\t\t\t\t\t\t\t<\/div>\n\t\t\t\t<\/div>\n\t\t\t\t\t\t\t\t<\/div>\n\t\t\t\t<\/div>\n\t\t\t\t\t<\/div>\n\t\t<\/div>\n\t\t\t\t\t<\/div>\n\t\t<\/section>\n\t\t\t\t<section class=\"elementor-section elementor-top-section elementor-element elementor-element-3b7771c0 elementor-section-boxed elementor-section-height-default elementor-section-height-default\" data-id=\"3b7771c0\" data-element_type=\"section\" data-e-type=\"section\">\n\t\t\t\t\t\t<div class=\"elementor-container elementor-column-gap-default\">\n\t\t\t\t\t<div class=\"elementor-column elementor-col-100 elementor-top-column elementor-element elementor-element-19e02743\" data-id=\"19e02743\" data-element_type=\"column\" data-e-type=\"column\" data-settings=\"{&quot;background_background&quot;:&quot;classic&quot;}\">\n\t\t\t<div class=\"elementor-widget-wrap elementor-element-populated\">\n\t\t\t\t\t\t<div class=\"elementor-element elementor-element-1a267101 elementor-widget elementor-widget-heading\" data-id=\"1a267101\" data-element_type=\"widget\" data-e-type=\"widget\" data-widget_type=\"heading.default\">\n\t\t\t\t<div class=\"elementor-widget-container\">\n\t\t\t\t\t<h2 class=\"elementor-heading-title elementor-size-default\">En fonction de la nature de votre projet, nous mettons tout les moyens techniques et humains  afin d\u2019assurer une livraison et un montage impeccable aupr\u00e8s de vos clients.<\/h2>\t\t\t\t<\/div>\n\t\t\t\t<\/div>\n\t\t\t\t\t<\/div>\n\t\t<\/div>\n\t\t\t\t\t<\/div>\n\t\t<\/section>\n\t\t\t\t<section class=\"elementor-section elementor-top-section elementor-element elementor-element-3e515c6 elementor-section-full_width elementor-section-height-default elementor-section-height-default\" data-id=\"3e515c6\" data-element_type=\"section\" data-e-type=\"section\" data-settings=\"{&quot;background_background&quot;:&quot;classic&quot;}\">\n\t\t\t\t\t\t<div class=\"elementor-container elementor-column-gap-default\">\n\t\t\t\t\t<div class=\"elementor-column elementor-col-50 elementor-top-column elementor-element elementor-element-27ae114\" data-id=\"27ae114\" data-element_type=\"column\" data-e-type=\"column\" data-settings=\"{&quot;background_background&quot;:&quot;classic&quot;}\">\n\t\t\t<div class=\"elementor-widget-wrap elementor-element-populated\">\n\t\t\t\t\t\t<div class=\"elementor-element elementor-element-2477f209 elementor-widget elementor-widget-spacer\" data-id=\"2477f209\" data-element_type=\"widget\" data-e-type=\"widget\" data-widget_type=\"spacer.default\">\n\t\t\t\t<div class=\"elementor-widget-container\">\n\t\t\t\t\t\t\t<div class=\"elementor-spacer\">\n\t\t\t<div class=\"elementor-spacer-inner\"><\/div>\n\t\t<\/div>\n\t\t\t\t\t\t<\/div>\n\t\t\t\t<\/div>\n\t\t\t\t\t<\/div>\n\t\t<\/div>\n\t\t\t\t<div class=\"elementor-column elementor-col-50 elementor-top-column elementor-element elementor-element-2f7f8e4d\" data-id=\"2f7f8e4d\" data-element_type=\"column\" data-e-type=\"column\" data-settings=\"{&quot;background_background&quot;:&quot;classic&quot;}\">\n\t\t\t<div class=\"elementor-widget-wrap elementor-element-populated\">\n\t\t\t\t\t\t<div class=\"elementor-element elementor-element-5a0c428 elementor-widget elementor-widget-text-editor\" data-id=\"5a0c428\" data-element_type=\"widget\" data-e-type=\"widget\" data-widget_type=\"text-editor.default\">\n\t\t\t\t<div class=\"elementor-widget-container\">\n\t\t\t\t\t\t\t\t\t<p>En fonction de la nature de votre projet, nous mettons tout les moyens techniques et humains\u00a0 afin d\u2019assurer une livraison et un montage impeccable aupr\u00e8s de vos clients.<\/p>\n<p><strong>Nous r\u00e9ceptionnons, contr\u00f4lons et entreposons vos marchandises.<\/strong><\/p>\n<p>Nous regroupons \u00e9galement les diff\u00e9rentes commandes, afin de pouvoir livrer partiellement ou compl\u00e8tement vos clients selon vos souhaits.<\/p>\n<p><strong>Notre atout majeur est la prise de rendez-vous faite aupr\u00e8s de vos clients, nous validons avec lui les horaires d\u2019ouverture et les acc\u00e8s aux espaces.<\/strong><\/p>\n<p>Nos Equipes de monteurs exp\u00e9riment\u00e9s reprendront les emballages et valideront avec votre client la livraison et l\u2019installation du chantier.<\/p>\n<p><strong>Les \u00e9ventuelles r\u00e9serves seront syst\u00e9matiquement indiqu\u00e9es sur le bon de livraison dont vous recevrez une copie et dont nous conserverons un exemplaire.<\/strong><\/p>\n\t\t\t\t\t\t\t\t<\/div>\n\t\t\t\t<\/div>\n\t\t\t\t<div class=\"elementor-element elementor-element-4e31e97e elementor-widget elementor-widget-heading\" data-id=\"4e31e97e\" data-element_type=\"widget\" data-e-type=\"widget\" data-widget_type=\"heading.default\">\n\t\t\t\t<div class=\"elementor-widget-container\">\n\t\t\t\t\t<h2 class=\"elementor-heading-title elementor-size-default\">L\u2019installation et la mise en place du mobilier se d\u00e9rouleront selon vos instructions.<\/h2>\t\t\t\t<\/div>\n\t\t\t\t<\/div>\n\t\t\t\t\t<\/div>\n\t\t<\/div>\n\t\t\t\t\t<\/div>\n\t\t<\/section>\n\t\t\t\t<\/div>\n\t\t","protected":false},"excerpt":{"rendered":"<p>Nos Valeurs &#8211; Nos Engagements En fonction de la nature de votre projet, nous mettons tout les moyens techniques et humains afin d\u2019assurer une livraison et un montage impeccable aupr\u00e8s de vos clients. En fonction de la nature de votre projet, nous mettons tout les moyens techniques et humains\u00a0 afin d\u2019assurer une livraison et un [&hellip;]<\/p>\n","protected":false},"author":1,"featured_media":0,"parent":0,"menu_order":0,"comment_status":"closed","ping_status":"closed","template":"elementor_header_footer","meta":{"footnotes":""},"class_list":["post-318","page","type-page","status-publish","hentry"],"yoast_head":"<!-- This site is optimized with the Yoast SEO plugin v27.1.1 - https:\/\/yoast.com\/product\/yoast-seo-wordpress\/ -->\n<title>Nos Valeurs - WAT Move<\/title>\n<meta name=\"description\" content=\"En fonction de la nature de votre projet, nous mettons tout les moyens techniques et humains afin d\u2019assurer une livraison et un montage impeccable aupr\u00e8s de vos clients.\" \/>\n<meta name=\"robots\" content=\"index, follow, max-snippet:-1, max-image-preview:large, max-video-preview:-1\" \/>\n<link rel=\"canonical\" href=\"https:\/\/watmove.be\/onze-waarden\/\" \/>\n<meta property=\"og:locale\" content=\"fr_FR\" \/>\n<meta property=\"og:type\" content=\"article\" \/>\n<meta property=\"og:title\" content=\"Nos Valeurs - WAT Move\" \/>\n<meta property=\"og:description\" content=\"En fonction de la nature de votre projet, nous mettons tout les moyens techniques et humains afin d\u2019assurer une livraison et un montage impeccable aupr\u00e8s de vos clients.\" \/>\n<meta property=\"og:url\" content=\"https:\/\/watmove.be\/onze-waarden\/\" \/>\n<meta property=\"og:site_name\" content=\"WAT Move\" \/>\n<meta property=\"article:modified_time\" content=\"2026-03-16T06:16:58+00:00\" \/>\n<meta name=\"twitter:card\" content=\"summary_large_image\" \/>\n<meta name=\"twitter:label1\" content=\"Dur\u00e9e de lecture est.\" \/>\n\t<meta name=\"twitter:data1\" content=\"1 minute\" \/>\n<script type=\"application\/ld+json\" class=\"yoast-schema-graph\">{\"@context\":\"https:\/\/schema.org\",\"@graph\":[{\"@type\":\"WebPage\",\"@id\":\"https:\/\/watmove.be\/onze-waarden\/\",\"url\":\"https:\/\/watmove.be\/onze-waarden\/\",\"name\":\"Nos Valeurs - WAT Move\",\"isPartOf\":{\"@id\":\"https:\/\/watmove.be\/#website\"},\"datePublished\":\"2021-06-22T07:47:20+00:00\",\"dateModified\":\"2026-03-16T06:16:58+00:00\",\"description\":\"En fonction de la nature de votre projet, nous mettons tout les moyens techniques et humains afin d\u2019assurer une livraison et un montage impeccable aupr\u00e8s de vos clients.\",\"breadcrumb\":{\"@id\":\"https:\/\/watmove.be\/onze-waarden\/#breadcrumb\"},\"inLanguage\":\"fr-BE\",\"potentialAction\":[{\"@type\":\"ReadAction\",\"target\":[\"https:\/\/watmove.be\/onze-waarden\/\"]}]},{\"@type\":\"BreadcrumbList\",\"@id\":\"https:\/\/watmove.be\/onze-waarden\/#breadcrumb\",\"itemListElement\":[{\"@type\":\"ListItem\",\"position\":1,\"name\":\"Home\",\"item\":\"https:\/\/watmove.be\/\"},{\"@type\":\"ListItem\",\"position\":2,\"name\":\"Nos Valeurs\"}]},{\"@type\":\"WebSite\",\"@id\":\"https:\/\/watmove.be\/#website\",\"url\":\"https:\/\/watmove.be\/\",\"name\":\"WAT Move\",\"description\":\"Uw nieuwe meubelmonteur\",\"publisher\":{\"@id\":\"https:\/\/watmove.be\/#organization\"},\"potentialAction\":[{\"@type\":\"SearchAction\",\"target\":{\"@type\":\"EntryPoint\",\"urlTemplate\":\"https:\/\/watmove.be\/?s={search_term_string}\"},\"query-input\":{\"@type\":\"PropertyValueSpecification\",\"valueRequired\":true,\"valueName\":\"search_term_string\"}}],\"inLanguage\":\"fr-BE\"},{\"@type\":\"Organization\",\"@id\":\"https:\/\/watmove.be\/#organization\",\"name\":\"OL Move\",\"url\":\"https:\/\/watmove.be\/\",\"logo\":{\"@type\":\"ImageObject\",\"inLanguage\":\"fr-BE\",\"@id\":\"https:\/\/watmove.be\/#\/schema\/logo\/image\/\",\"url\":\"https:\/\/watmove.be\/wp-content\/uploads\/2021\/06\/olmove-logo.png\",\"contentUrl\":\"https:\/\/watmove.be\/wp-content\/uploads\/2021\/06\/olmove-logo.png\",\"width\":424,\"height\":600,\"caption\":\"OL Move\"},\"image\":{\"@id\":\"https:\/\/watmove.be\/#\/schema\/logo\/image\/\"}}]}<\/script>\n<!-- \/ Yoast SEO plugin. -->","yoast_head_json":{"title":"Nos Valeurs - WAT Move","description":"En fonction de la nature de votre projet, nous mettons tout les moyens techniques et humains afin d\u2019assurer une livraison et un montage impeccable aupr\u00e8s de vos clients.","robots":{"index":"index","follow":"follow","max-snippet":"max-snippet:-1","max-image-preview":"max-image-preview:large","max-video-preview":"max-video-preview:-1"},"canonical":"https:\/\/watmove.be\/onze-waarden\/","og_locale":"fr_FR","og_type":"article","og_title":"Nos Valeurs - WAT Move","og_description":"En fonction de la nature de votre projet, nous mettons tout les moyens techniques et humains afin d\u2019assurer une livraison et un montage impeccable aupr\u00e8s de vos clients.","og_url":"https:\/\/watmove.be\/onze-waarden\/","og_site_name":"WAT Move","article_modified_time":"2026-03-16T06:16:58+00:00","twitter_card":"summary_large_image","twitter_misc":{"Dur\u00e9e de lecture est.":"1 minute"},"schema":{"@context":"https:\/\/schema.org","@graph":[{"@type":"WebPage","@id":"https:\/\/watmove.be\/onze-waarden\/","url":"https:\/\/watmove.be\/onze-waarden\/","name":"Nos Valeurs - WAT Move","isPartOf":{"@id":"https:\/\/watmove.be\/#website"},"datePublished":"2021-06-22T07:47:20+00:00","dateModified":"2026-03-16T06:16:58+00:00","description":"En fonction de la nature de votre projet, nous mettons tout les moyens techniques et humains afin d\u2019assurer une livraison et un montage impeccable aupr\u00e8s de vos clients.","breadcrumb":{"@id":"https:\/\/watmove.be\/onze-waarden\/#breadcrumb"},"inLanguage":"fr-BE","potentialAction":[{"@type":"ReadAction","target":["https:\/\/watmove.be\/onze-waarden\/"]}]},{"@type":"BreadcrumbList","@id":"https:\/\/watmove.be\/onze-waarden\/#breadcrumb","itemListElement":[{"@type":"ListItem","position":1,"name":"Home","item":"https:\/\/watmove.be\/"},{"@type":"ListItem","position":2,"name":"Nos Valeurs"}]},{"@type":"WebSite","@id":"https:\/\/watmove.be\/#website","url":"https:\/\/watmove.be\/","name":"WAT Move","description":"Uw nieuwe meubelmonteur","publisher":{"@id":"https:\/\/watmove.be\/#organization"},"potentialAction":[{"@type":"SearchAction","target":{"@type":"EntryPoint","urlTemplate":"https:\/\/watmove.be\/?s={search_term_string}"},"query-input":{"@type":"PropertyValueSpecification","valueRequired":true,"valueName":"search_term_string"}}],"inLanguage":"fr-BE"},{"@type":"Organization","@id":"https:\/\/watmove.be\/#organization","name":"OL Move","url":"https:\/\/watmove.be\/","logo":{"@type":"ImageObject","inLanguage":"fr-BE","@id":"https:\/\/watmove.be\/#\/schema\/logo\/image\/","url":"https:\/\/watmove.be\/wp-content\/uploads\/2021\/06\/olmove-logo.png","contentUrl":"https:\/\/watmove.be\/wp-content\/uploads\/2021\/06\/olmove-logo.png","width":424,"height":600,"caption":"OL Move"},"image":{"@id":"https:\/\/watmove.be\/#\/schema\/logo\/image\/"}}]}},"_links":{"self":[{"href":"https:\/\/watmove.be\/fr\/wp-json\/wp\/v2\/pages\/318","targetHints":{"allow":["GET"]}}],"collection":[{"href":"https:\/\/watmove.be\/fr\/wp-json\/wp\/v2\/pages"}],"about":[{"href":"https:\/\/watmove.be\/fr\/wp-json\/wp\/v2\/types\/page"}],"author":[{"embeddable":true,"href":"https:\/\/watmove.be\/fr\/wp-json\/wp\/v2\/users\/1"}],"replies":[{"embeddable":true,"href":"https:\/\/watmove.be\/fr\/wp-json\/wp\/v2\/comments?post=318"}],"version-history":[{"count":4,"href":"https:\/\/watmove.be\/fr\/wp-json\/wp\/v2\/pages\/318\/revisions"}],"predecessor-version":[{"id":651,"href":"https:\/\/watmove.be\/fr\/wp-json\/wp\/v2\/pages\/318\/revisions\/651"}],"wp:attachment":[{"href":"https:\/\/watmove.be\/fr\/wp-json\/wp\/v2\/media?parent=318"}],"curies":[{"name":"wp","href":"https:\/\/api.w.org\/{rel}","templated":true}]}}